{"id":15,"date":"2020-01-01T01:02:27","date_gmt":"2020-01-01T01:02:27","guid":{"rendered":"https:\/\/www.jeshua.net\/fr\/wp\/?page_id=15"},"modified":"2024-08-11T19:15:02","modified_gmt":"2024-08-11T19:15:02","slug":"bienvenue","status":"publish","type":"page","link":"https:\/\/www.jeshua.net\/fr\/","title":{"rendered":"BIENVENUE!"},"content":{"rendered":"<div class=\"wp-block-image\">\n<figure class=\"alignright size-full\"><img loading=\"lazy\" decoding=\"async\" width=\"194\" height=\"300\" src=\"https:\/\/www.jeshua.net\/fr\/wp\/wp-content\/uploads\/2024\/08\/Pamela-2023-1-194x300-1.jpg\" alt=\"\" class=\"wp-image-1021\" srcset=\"https:\/\/www.jeshua.net\/fr\/wp\/wp-content\/uploads\/2024\/08\/Pamela-2023-1-194x300-1.jpg 194w, https:\/\/www.jeshua.net\/fr\/wp\/wp-content\/uploads\/2024\/08\/Pamela-2023-1-194x300-1-175x270.jpg 175w\" sizes=\"auto, (max-width: 194px) 100vw, 194px\" \/><\/figure>\n<\/div>\n\n\n<p>Nous vous pr\u00e9sentons sur ce site des messages spirituels sur la croissance int\u00e9rieure, l\u2019\u00e9nergie du Christ, les artisans de Lumi\u00e8re, la nouvelle terre et sur le passage d\u2019une conscience fond\u00e9e sur l\u2019ego \u00e0 une conscience fond\u00e9e sur le coeur. Ces messages ont \u00e9t\u00e9 re\u00e7us \u00e0 partir d\u2019une connexion int\u00e9rieure avec Jeshua. \u00ab Jeshua ben Joseph \u00bb est le nom aram\u00e9en d\u2019origine de J\u00e9sus, personnification de l\u2019\u00e9nergie du Christ sur terre. Dans ces messages, il se pr\u00e9sente comme \u00e9tant Jeshua, un fr\u00e8re et un ami, plut\u00f4t que comme l\u2019autorit\u00e9 d\u00e9ifi\u00e9e que la tradition a fait de lui. Son \u00e9nergie est encore disponible pour nous, pas tellement sous forme d\u2019un ensemble fixe d\u2019id\u00e9es ou de codes mais comme celui qui nous montre le chemin vers notre Christ int\u00e9rieur.<\/p>\n\n\n\n<h3 class=\"wp-block-heading\"><strong><em>Qui sommes-nous?<\/em><\/strong><\/h3>\n\n\n<div class=\"wp-block-image\">\n<figure class=\"alignright size-full is-resized\"><img loading=\"lazy\" decoding=\"async\" width=\"300\" height=\"341\" src=\"https:\/\/www.jeshua.net\/fr\/wp\/wp-content\/uploads\/2024\/08\/Gerrit-aug-2024.jpg\" alt=\"\" class=\"wp-image-1022\" style=\"width:209px;height:auto\" srcset=\"https:\/\/www.jeshua.net\/fr\/wp\/wp-content\/uploads\/2024\/08\/Gerrit-aug-2024.jpg 300w, https:\/\/www.jeshua.net\/fr\/wp\/wp-content\/uploads\/2024\/08\/Gerrit-aug-2024-264x300.jpg 264w, https:\/\/www.jeshua.net\/fr\/wp\/wp-content\/uploads\/2024\/08\/Gerrit-aug-2024-238x270.jpg 238w\" sizes=\"auto, (max-width: 300px) 100vw, 300px\" \/><\/figure>\n<\/div>\n\n\n<p>Nous sommes un couple mari\u00e9 qui a son propre chemin spirituel, nous vivons en Europe,aux Pays-Bas. Nous oeuvrons avec l\u2019\u00e9nergie de Jeshua depuis 2002 .<\/p>\n\n\n\n<p>Pamela:<\/p>\n\n\n\n<p><em>\u00ab Pour moi, le nom de Jeshua ne se r\u00e9f\u00e8re pas tant \u00e0 la personnalit\u00e9 historique de J\u00e9sus qu\u2019au christ universel,cette \u00e9nergie dont nous faisons tous partie. Lorsque je transmets Jeshua, je me sens profond\u00e9ment attir\u00e9e dans ce champ d\u2019amour et de compassion et c\u2019est dans cet \u00e9tat de connexion que je re\u00e7ois les messages de Jeshua. \u00bb&nbsp;<\/em>&nbsp;<\/p>\n\n\n\n<h3 class=\"wp-block-heading\"><strong>C<em>omment lire ces textes<\/em><\/strong><\/h3>\n\n\n\n<p>Les messages sont list\u00e9s dans l\u2019ordre o\u00f9 nous les avons re\u00e7us. La s\u00e9rie des artisans de Lumi\u00e8re est basique, dans ce sens qu\u2019elle explique des notions centrales et que les messages ult\u00e9rieurs s\u2019y r\u00e9f\u00e8rent. Les autres messages ont \u00e9t\u00e9 re\u00e7us en pr\u00e9sence d\u2019un auditoire et traitent de diff\u00e9rents sujets, tels les relations, le travail, l\u2019auto-gu\u00e9rison etc\u2026<\/p>\n\n\n\n<p>Pour en savoir plus sur l\u2019identit\u00e9 de Jeshua, voyez&nbsp;<a href=\"https:\/\/www.jeshua.net\/fr\/qui-sommes-nous\/qui-est-jeshua\/\">\u00ab qui est Jeshua \u00bb<\/a><\/p>\n\n\n\n<p>Pour en savoir plus sur les \u00abtransmissions\u00bb et comment Pamela a commenc\u00e9 \u00e0 transmettre Jeshua, voyez \u00ab biographie et notes sur la transmission \u00bb<\/p>\n\n\n\n<h3 class=\"wp-block-heading\"><strong><em>Livre<\/em><\/strong><\/h3>\n\n\n\n<p>Vous n\u2019aimez pas lire sur l\u2019\u00e9cran ? Les messages de Jeshua sont disponibles en livre. Cliquez&nbsp;<a href=\"https:\/\/www.jeshua.net\/fr\/category\/livre\/\">ici<\/a>&nbsp;pour plus d\u2019information ou pour le commander.<\/p>\n\n\n\n<h3 class=\"wp-block-heading\"><strong><em>Lettre de nouvelles<\/em><\/strong><\/h3>\n\n\n\n<p><strong><br><\/strong>Le site est fr\u00e9quemment mis \u00e0 jour. Si vous souhaitez \u00eatre pr\u00e9venu (e) des nouveaux messages.  Si vous souhaitez \u00eatre tenu inform\u00e9 des nouveaux textes, entrez votre adresse e-mail dans le champ ci-dessous. <\/p>\n\n\n\n<p><strong>\n<div class=\"wpcf7 no-js\" id=\"wpcf7-f360-o1\" lang=\"en-US\" dir=\"ltr\" data-wpcf7-id=\"360\">\n<div class=\"screen-reader-response\"><p role=\"status\" aria-live=\"polite\" aria-atomic=\"true\"><\/p> <ul><\/ul><\/div>\n<form action=\"\/fr\/wp-json\/wp\/v2\/pages\/15#wpcf7-f360-o1\" method=\"post\" class=\"wpcf7-form init\" aria-label=\"Contact form\" novalidate=\"novalidate\" data-status=\"init\">\n<fieldset class=\"hidden-fields-container\"><input type=\"hidden\" name=\"_wpcf7\" value=\"360\" \/><input type=\"hidden\" name=\"_wpcf7_version\" value=\"6.1.5\" \/><input type=\"hidden\" name=\"_wpcf7_locale\" value=\"en_US\" \/><input type=\"hidden\" name=\"_wpcf7_unit_tag\" value=\"wpcf7-f360-o1\" \/><input type=\"hidden\" name=\"_wpcf7_container_post\" value=\"0\" \/><input type=\"hidden\" name=\"_wpcf7_posted_data_hash\" value=\"\" \/><input type=\"hidden\" name=\"_wpcf7_recaptcha_response\" value=\"\" \/>\n<\/fieldset>\n<p><label> E-mail<br \/>\n<span class=\"wpcf7-form-control-wrap\" data-name=\"your-email\"><input size=\"40\" maxlength=\"400\" class=\"wpcf7-form-control wpcf7-email wpcf7-validates-as-required wpcf7-text wpcf7-validates-as-email\" aria-required=\"true\" aria-invalid=\"false\" value=\"\" type=\"email\" name=\"your-email\" \/><\/span> <\/label>\n<\/p>\n<p><input class=\"wpcf7-form-control wpcf7-submit has-spinner\" type=\"submit\" value=\"Envoyer\" \/>\n<\/p><div class=\"wpcf7-response-output\" aria-hidden=\"true\"><\/div>\n<\/form>\n<\/div>\n<\/strong><\/p>\n\n\n\n<h3 class=\"wp-block-heading\"><strong><em>Information contact<\/em><\/strong><\/h3>\n\n\n\n<p> <strong>\n<div class=\"wpcf7 no-js\" id=\"wpcf7-f24-o2\" lang=\"nl-NL\" dir=\"ltr\" data-wpcf7-id=\"24\">\n<div class=\"screen-reader-response\"><p role=\"status\" aria-live=\"polite\" aria-atomic=\"true\"><\/p> <ul><\/ul><\/div>\n<form action=\"\/fr\/wp-json\/wp\/v2\/pages\/15#wpcf7-f24-o2\" method=\"post\" class=\"wpcf7-form init\" aria-label=\"Contactformulier\" novalidate=\"novalidate\" data-status=\"init\">\n<fieldset class=\"hidden-fields-container\"><input type=\"hidden\" name=\"_wpcf7\" value=\"24\" \/><input type=\"hidden\" name=\"_wpcf7_version\" value=\"6.1.5\" \/><input type=\"hidden\" name=\"_wpcf7_locale\" value=\"nl_NL\" \/><input type=\"hidden\" name=\"_wpcf7_unit_tag\" value=\"wpcf7-f24-o2\" \/><input type=\"hidden\" name=\"_wpcf7_container_post\" value=\"0\" \/><input type=\"hidden\" name=\"_wpcf7_posted_data_hash\" value=\"\" \/><input type=\"hidden\" name=\"_wpcf7_recaptcha_response\" value=\"\" \/>\n<\/fieldset>\n<p><label> Nom (obligatoir)<br \/>\n<span class=\"wpcf7-form-control-wrap\" data-name=\"your-name\"><input size=\"40\" maxlength=\"400\" class=\"wpcf7-form-control wpcf7-text wpcf7-validates-as-required\" aria-required=\"true\" aria-invalid=\"false\" value=\"\" type=\"text\" name=\"your-name\" \/><\/span> <\/label>\n<\/p>\n<p><label> Adresse e-mail (obligatoir)<br \/>\n<span class=\"wpcf7-form-control-wrap\" data-name=\"your-email\"><input size=\"40\" maxlength=\"400\" class=\"wpcf7-form-control wpcf7-email wpcf7-validates-as-required wpcf7-text wpcf7-validates-as-email\" aria-required=\"true\" aria-invalid=\"false\" value=\"\" type=\"email\" name=\"your-email\" \/><\/span> <\/label>\n<\/p>\n<p><label> Sujet<br \/>\n<span class=\"wpcf7-form-control-wrap\" data-name=\"your-subject\"><input size=\"40\" maxlength=\"400\" class=\"wpcf7-form-control wpcf7-text\" aria-invalid=\"false\" value=\"\" type=\"text\" name=\"your-subject\" \/><\/span> <\/label>\n<\/p>\n<p><label> Message<br \/>\n<span class=\"wpcf7-form-control-wrap\" data-name=\"your-message\"><textarea cols=\"40\" rows=\"10\" maxlength=\"2000\" class=\"wpcf7-form-control wpcf7-textarea\" aria-invalid=\"false\" name=\"your-message\"><\/textarea><\/span> <\/label>\n<\/p>\n<p><input class=\"wpcf7-form-control wpcf7-submit has-spinner\" type=\"submit\" value=\"Envoyer\" \/>\n<\/p><div class=\"wpcf7-response-output\" aria-hidden=\"true\"><\/div>\n<\/form>\n<\/div>\n<\/strong> <\/p>\n\n\n\n<p>Nous sommes ouverts \u00e0 vos r\u00e9actions mais, vu le grand nombre de courriels, nous ne pouvons r\u00e9pondre \u00e0 tous. Nous ne faisons pas non plus de conseil spirituel ou th\u00e9rapeutique par courriel. Sachez toutefois que nous les lisons avec plaisir!<\/p>\n\n\n\n\n","protected":false},"excerpt":{"rendered":"<p>Nous vous pr\u00e9sentons sur ce site des messages spirituels sur la croissance int\u00e9rieure, l\u2019\u00e9nergie du Christ, les artisans de Lumi\u00e8re, la nouvelle terre et sur le passage d\u2019une conscience fond\u00e9e sur l\u2019ego \u00e0 une conscience fond\u00e9e sur le coeur. Ces messages ont \u00e9t\u00e9 re\u00e7us \u00e0 partir d\u2019une connexion int\u00e9rieure avec Jeshua. \u00ab Jeshua ben&#8230;<\/p>\n<p class=\"read-more\"><a class=\"btn btn-default\" href=\"https:\/\/www.jeshua.net\/fr\/\"> Read More<span class=\"screen-reader-text\">  Read More<\/span><\/a><\/p>\n","protected":false},"author":1,"featured_media":0,"parent":0,"menu_order":0,"comment_status":"closed","ping_status":"closed","template":"","meta":{"footnotes":""},"class_list":["post-15","page","type-page","status-publish","hentry"],"_links":{"self":[{"href":"https:\/\/www.jeshua.net\/fr\/wp-json\/wp\/v2\/pages\/15","targetHints":{"allow":["GET"]}}],"collection":[{"href":"https:\/\/www.jeshua.net\/fr\/wp-json\/wp\/v2\/pages"}],"about":[{"href":"https:\/\/www.jeshua.net\/fr\/wp-json\/wp\/v2\/types\/page"}],"author":[{"embeddable":true,"href":"https:\/\/www.jeshua.net\/fr\/wp-json\/wp\/v2\/users\/1"}],"replies":[{"embeddable":true,"href":"https:\/\/www.jeshua.net\/fr\/wp-json\/wp\/v2\/comments?post=15"}],"version-history":[{"count":8,"href":"https:\/\/www.jeshua.net\/fr\/wp-json\/wp\/v2\/pages\/15\/revisions"}],"predecessor-version":[{"id":1024,"href":"https:\/\/www.jeshua.net\/fr\/wp-json\/wp\/v2\/pages\/15\/revisions\/1024"}],"wp:attachment":[{"href":"https:\/\/www.jeshua.net\/fr\/wp-json\/wp\/v2\/media?parent=15"}],"curies":[{"name":"wp","href":"https:\/\/api.w.org\/{rel}","templated":true}]}}