{"id":453,"date":"2020-01-15T15:42:35","date_gmt":"2020-01-15T13:42:35","guid":{"rendered":"https:\/\/www.jeshua.net\/fi\/wp\/?page_id=453"},"modified":"2020-01-24T11:58:07","modified_gmt":"2020-01-24T09:58:07","slug":"tervetuloa","status":"publish","type":"page","link":"https:\/\/www.jeshua.net\/fi\/","title":{"rendered":"TERVETULOA!"},"content":{"rendered":"\n<div class=\"wp-block-image\"><figure class=\"alignright\"><img decoding=\"async\" src=\"https:\/\/www.jeshua.net\/wpengels\/wp-content\/uploads\/2019\/12\/Pamela-2019-Taiwan.jpg\" alt=\"\" class=\"wp-image-343\"\/><figcaption><em>Pamela Kribbe<\/em><\/figcaption><\/figure><\/div>\n\n\n\n<p>T\u00e4ll\u00e4 sivustolla esit\u00e4mme hengen viestej\u00e4 sis\u00e4isest\u00e4  kasvusta, \nkristusmaisesta energiasta, valoty\u00f6ntekij\u00f6ist\u00e4, uudesta Maasta  sek\u00e4 \nsiirtymisest\u00e4 egopohjaisesta tietoisuudesta syd\u00e4npohjaiseen  \ntietoisuuteen. Viestit on saatu sis\u00e4isest\u00e4 yhteydest\u00e4 Joshuaan. \u201cJoshua \n ben Joseph\u201d on Jeesuksen alkuper\u00e4inen arameankielinen nimi. H\u00e4n oli  \nkristusenergian henkil\u00f6itym\u00e4 Maan p\u00e4\u00e4ll\u00e4. N\u00e4iss\u00e4 kanavoinneissa h\u00e4n \nesittelee  itsens\u00e4 Joshuaksi, meid\u00e4n veljeksemme ja yst\u00e4v\u00e4ksemme \npikemminkin kuin  jumaloiduksi auktoriteetiksi, joksi perinne on h\u00e4net \nmuovannut. H\u00e4nen  energiansa on yh\u00e4 k\u00e4ytett\u00e4viss\u00e4mme. Ei niink\u00e4\u00e4n \nkaavamaisina ajatuksina  tai s\u00e4\u00e4nt\u00f6in\u00e4, vaan tienviittana, joka n\u00e4ytt\u00e4\u00e4 \nmeille suunnan  sisimm\u00e4ss\u00e4mme olevaan Kristukseen. <\/p>\n\n\n\n<h2 class=\"wp-block-heading\">Keit\u00e4 me olemme?<\/h2>\n\n\n\n<div class=\"wp-block-image\"><figure class=\"alignright\"><img decoding=\"async\" src=\"https:\/\/www.jeshua.net\/wpengels\/wp-content\/uploads\/2019\/12\/Gerrit-Gielen-2019.jpg\" alt=\"\" class=\"wp-image-534\"\/><figcaption><em>Gerrit Gielen<\/em><\/figcaption><\/figure><\/div>\n\n\n\n<p>Olemme vuodesta 2002 l\u00e4htien ty\u00f6skennelleet tiiviisti yhdess\u00e4  \nhenkisyyteen keskittyv\u00e4ll\u00e4 vastaanotollamme Alankomaissa. Pamela on  \nkirjailija ja Joshuan kanavoija, ja Gerrit on regressioterapeutti ja \nusein mukana Pamelan kanavointi-istunnoissa. Tarjoamme konsultointia  ja\n ty\u00f6pajoja eri maissa, ja meille tuottaa suurta iloa ola yhteydess\u00e4 \nsieluperheen kanssa ymp\u00e4ri maailman. <\/p>\n\n\n\n<p>Pamela:\n\n\n<\/p>\n\n\n\n<p><em>\u201cMinulle Joshuan nimi ei niink\u00e4\u00e4n  viittaa historialliseen \nJeesuksen persoonaan, vaan universaaliin  Kristus-energiaan, jonka osia \nme kaikki olemme. Kanavoidessani Joshuaa  tunnen kovasti vetoa t\u00e4h\u00e4n \nrakkauden ja my\u00f6t\u00e4tunnon energiakentt\u00e4\u00e4n, ja  siin\u00e4 tietoisuuden tilassa\n min\u00e4 saan viestej\u00e4 Joshualta.\u201d<\/em><\/p>\n\n\n\n<h2 class=\"wp-block-heading\">Aineiston lukemisesta<\/h2>\n\n\n\n<p>Kanavoinnit on esitetty\n siin\u00e4 j\u00e4rjestyksess\u00e4, jossa me ne saimme. Valoty\u00f6ntekij\u00e4sarja on \nperusasiaa siin\u00e4 mieless\u00e4, ett\u00e4 siin\u00e4 selitet\u00e4\u00e4n er\u00e4it\u00e4 keskeisi\u00e4 \nk\u00e4sitteit\u00e4, ja usein my\u00f6hemmiss\u00e4 viesteiss\u00e4 viitataan siihen. Muut \nkanavoinnit olemme saaneet yleis\u00f6n l\u00e4sn\u00e4ollessa ja niiss\u00e4 k\u00e4sitell\u00e4\u00e4n \nerilaisia aiheita, kuten ihmissuhteita, ty\u00f6t\u00e4,\nitsens\u00e4 parantamista, ym.\n\n\n<\/p>\n\n\n\n<p>Jos haluat tiet\u00e4\u00e4 lis\u00e4\u00e4 Joshuasta henkil\u00f6n\u00e4, tutustu kohtaan \u201d<a href=\"https:\/\/www.jeshua.net\/fi\/keita-me-olemme\/kuka-joshua-on\/\">Kuka Joshua on?<\/a>\u201d <\/p>\n\n\n\n<p>Saat lis\u00e4tietoa \u201dkanavoinnista\u201d ja siit\u00e4, kuinka Pamela aloitti Joshuan kanavoinnin, siirtym\u00e4ll\u00e4 kohtaan <a href=\"https:\/\/www.jeshua.net\/fi\/keita-me-olemme\/pamela-kribbe\/\">\u201dEl\u00e4m\u00e4kerta ja er\u00e4it\u00e4 huomioita kanavoinnista\u201d<\/a> <\/p>\n\n\n\n<p>Etk\u00f6 halua lukea aineistoa n\u00e4ytt\u00f6ruudulta? Joshuan kanavointeja on julkaistu my\u00f6s kirjoina (englanniksi)! Saat lis\u00e4tietoa tai voit tilata kirjoja verkosta englanninkieliselt\u00e4 sivustolta.<\/p>\n\n\n\n<p><strong>Tiedote<br> <br><\/strong>T\u00e4t\u00e4  sivustoa p\u00e4ivitet\u00e4\u00e4n  jatkuvasti uudella aineistolla. Jos haluat saada  s\u00e4hk\u00f6postitse  ilmoituksen uusista kanavoinneista, p\u00e4\u00e4set  postituslistalle  l\u00e4hett\u00e4m\u00e4ll\u00e4 s\u00e4hk\u00f6postia alla olevalla lomakkeella merkiten aiheeksi Joshua-tiedote.  Saat tiedotteen seuraavan kanavoinnin valmistuttua suomeksi. <\/p>\n\n\n\n<p><strong>Yhteystiedot<\/strong>\n\n\n<\/p>\n\n\n\n<p><strong>\n<div class=\"wpcf7 no-js\" id=\"wpcf7-f534-o1\" lang=\"en-GB\" dir=\"ltr\" data-wpcf7-id=\"534\">\n<div class=\"screen-reader-response\"><p role=\"status\" aria-live=\"polite\" aria-atomic=\"true\"><\/p> <ul><\/ul><\/div>\n<form action=\"\/fi\/wp-json\/wp\/v2\/pages\/453#wpcf7-f534-o1\" method=\"post\" class=\"wpcf7-form init\" aria-label=\"Contact form\" novalidate=\"novalidate\" data-status=\"init\">\n<div style=\"display: none;\">\n<input type=\"hidden\" name=\"_wpcf7\" value=\"534\" \/>\n<input type=\"hidden\" name=\"_wpcf7_version\" value=\"6.0.6\" \/>\n<input type=\"hidden\" name=\"_wpcf7_locale\" value=\"en_GB\" \/>\n<input type=\"hidden\" name=\"_wpcf7_unit_tag\" value=\"wpcf7-f534-o1\" \/>\n<input type=\"hidden\" name=\"_wpcf7_container_post\" value=\"0\" \/>\n<input type=\"hidden\" name=\"_wpcf7_posted_data_hash\" value=\"\" \/>\n<input type=\"hidden\" name=\"_wpcf7_recaptcha_response\" value=\"\" \/>\n<\/div>\n<p><label> Nimesi (pakollinen)<br \/>\n<span class=\"wpcf7-form-control-wrap\" data-name=\"your-name\"><input size=\"40\" maxlength=\"400\" class=\"wpcf7-form-control wpcf7-text wpcf7-validates-as-required\" aria-required=\"true\" aria-invalid=\"false\" value=\"\" type=\"text\" name=\"your-name\" \/><\/span> <\/label>\n<\/p>\n<p><label> S\u00e4hk\u00f6postiosoitteesi (pakollinen)<br \/>\n<span class=\"wpcf7-form-control-wrap\" data-name=\"your-email\"><input size=\"40\" maxlength=\"400\" class=\"wpcf7-form-control wpcf7-email wpcf7-validates-as-required wpcf7-text wpcf7-validates-as-email\" aria-required=\"true\" aria-invalid=\"false\" value=\"\" type=\"email\" name=\"your-email\" \/><\/span> <\/label>\n<\/p>\n<p><label> Aihe<br \/>\n<span class=\"wpcf7-form-control-wrap\" data-name=\"your-subject\"><input size=\"40\" maxlength=\"400\" class=\"wpcf7-form-control wpcf7-text\" aria-invalid=\"false\" value=\"\" type=\"text\" name=\"your-subject\" \/><\/span> <\/label>\n<\/p>\n<p><label> Viestisi<br \/>\n<span class=\"wpcf7-form-control-wrap\" data-name=\"your-message\"><textarea cols=\"40\" rows=\"10\" maxlength=\"2000\" class=\"wpcf7-form-control wpcf7-textarea\" aria-invalid=\"false\" name=\"your-message\"><\/textarea><\/span> <\/label>\n<\/p>\n<p><input class=\"wpcf7-form-control wpcf7-submit has-spinner\" type=\"submit\" value=\"L\u00e4het\u00e4\" \/>\n<\/p><p style=\"display: none !important;\" class=\"akismet-fields-container\" data-prefix=\"_wpcf7_ak_\"><label>&#916;<textarea name=\"_wpcf7_ak_hp_textarea\" cols=\"45\" rows=\"8\" maxlength=\"100\"><\/textarea><\/label><input type=\"hidden\" id=\"ak_js_1\" name=\"_wpcf7_ak_js\" value=\"63\"\/><script type=\"text\/javascript\">\n\/* <![CDATA[ *\/\ndocument.getElementById( \"ak_js_1\" ).setAttribute( \"value\", ( new Date() ).getTime() );\n\/* ]]> *\/\n<\/script>\n<\/p><div class=\"wpcf7-response-output\" aria-hidden=\"true\"><\/div>\n<\/form>\n<\/div>\n<\/strong><\/p>\n\n\n\n<p>Pamela ja Gerrit ottavat mielell\u00e4\u00e4n vastaan palautetta, mutta viestien suuren m\u00e4\u00e4r\u00e4n  takia he eiv\u00e4t pysty vastaamaan kaikkiin s\u00e4hk\u00f6posteihin. He eiv\u00e4t my\u00f6sk\u00e4\u00e4n anna henkist\u00e4 tai terapeuttista ohjausta s\u00e4hk\u00f6postitse. Kiitokset  huomaavaisuudestasi! <\/p>\n","protected":false},"excerpt":{"rendered":"<p>T\u00e4ll\u00e4 sivustolla esit\u00e4mme hengen viestej\u00e4 sis\u00e4isest\u00e4 kasvusta, kristusmaisesta energiasta, valoty\u00f6ntekij\u00f6ist\u00e4, uudesta Maasta sek\u00e4 siirtymisest\u00e4 egopohjaisesta tietoisuudesta syd\u00e4npohjaiseen tietoisuuteen. Viestit on saatu sis\u00e4isest\u00e4 yhteydest\u00e4 Joshuaan. \u201cJoshua ben Joseph\u201d on Jeesuksen alkuper\u00e4inen arameankielinen nimi. H\u00e4n oli kristusenergian henkil\u00f6itym\u00e4 Maan p\u00e4\u00e4ll\u00e4. N\u00e4iss\u00e4 kanavoinneissa h\u00e4n esittelee itsens\u00e4 Joshuaksi, meid\u00e4n veljeksemme ja yst\u00e4v\u00e4ksemme pikemminkin kuin jumaloiduksi auktoriteetiksi, joksi perinne&#8230;<\/p>\n<p class=\"read-more\"><a class=\"btn btn-default\" href=\"https:\/\/www.jeshua.net\/fi\/\"> Read More<span class=\"screen-reader-text\">  Read More<\/span><\/a><\/p>\n","protected":false},"author":1,"featured_media":0,"parent":0,"menu_order":0,"comment_status":"closed","ping_status":"closed","template":"","meta":{"footnotes":""},"class_list":["post-453","page","type-page","status-publish","hentry"],"_links":{"self":[{"href":"https:\/\/www.jeshua.net\/fi\/wp-json\/wp\/v2\/pages\/453","targetHints":{"allow":["GET"]}}],"collection":[{"href":"https:\/\/www.jeshua.net\/fi\/wp-json\/wp\/v2\/pages"}],"about":[{"href":"https:\/\/www.jeshua.net\/fi\/wp-json\/wp\/v2\/types\/page"}],"author":[{"embeddable":true,"href":"https:\/\/www.jeshua.net\/fi\/wp-json\/wp\/v2\/users\/1"}],"replies":[{"embeddable":true,"href":"https:\/\/www.jeshua.net\/fi\/wp-json\/wp\/v2\/comments?post=453"}],"version-history":[{"count":13,"href":"https:\/\/www.jeshua.net\/fi\/wp-json\/wp\/v2\/pages\/453\/revisions"}],"predecessor-version":[{"id":573,"href":"https:\/\/www.jeshua.net\/fi\/wp-json\/wp\/v2\/pages\/453\/revisions\/573"}],"wp:attachment":[{"href":"https:\/\/www.jeshua.net\/fi\/wp-json\/wp\/v2\/media?parent=453"}],"curies":[{"name":"wp","href":"https:\/\/api.w.org\/{rel}","templated":true}]}}